{"id":45,"date":"2023-02-08T13:46:57","date_gmt":"2023-02-08T13:46:57","guid":{"rendered":"https:\/\/bbsimmo.de\/?page_id=45"},"modified":"2023-02-13T09:52:21","modified_gmt":"2023-02-13T09:52:21","slug":"gestalte-deine-website-mit-bloecken","status":"publish","type":"page","link":"https:\/\/bbsimmo.de\/","title":{"rendered":"BBS Immo Holding GmbH &#038; CO. KG."},"content":{"rendered":"\n<h3 class=\"alignwide has-text-align-left wp-block-heading\">BBS Immo Holding GmbH &amp; CO. KG.<\/h3>\n\n\n\n<div class=\"wp-block-columns alignwide are-vertically-aligned-center is-style-twentytwentyone-columns-overlap is-layout-flex wp-container-3\">\n<div class=\"wp-block-column is-vertically-aligned-center is-layout-flow\">\n<div style=\"height:100px\" aria-hidden=\"true\" class=\"wp-block-spacer\"><\/div>\n\n\n\n<p class=\"has-text-align-left has-small-font-size\">Die BBS Immo Holding GmbH &amp; Co. Kg. ist Ihr Ansprechpartner f\u00fcr jegliche Leistungen, wenn es um das Thema Immobilien und Immobilieninvestments geht. Wir sind stolz darauf, ein erfahrenes und erfolgreiches Team zu sein<br>und wir setzen uns daf\u00fcr ein, dass unsere Investoren ihre Ziele erreichen.<br>Wir arbeiten hart, um sicherzustellen, dass jede Investition eine erfolgreiche ist.<\/p>\n\n\n\n<figure class=\"wp-block-image alignfull size-large is-style-twentytwentyone-image-frame\"><img decoding=\"async\" loading=\"lazy\" width=\"1024\" height=\"611\" src=\"https:\/\/bbsimmo.de\/wp-content\/uploads\/2023\/02\/architecture-reside-facade-1719526-1024x611.jpg\" alt=\"architecture, reside, facade-1719526.jpg\" class=\"wp-image-92\" srcset=\"https:\/\/bbsimmo.de\/wp-content\/uploads\/2023\/02\/architecture-reside-facade-1719526-1024x611.jpg 1024w, https:\/\/bbsimmo.de\/wp-content\/uploads\/2023\/02\/architecture-reside-facade-1719526-300x179.jpg 300w, https:\/\/bbsimmo.de\/wp-content\/uploads\/2023\/02\/architecture-reside-facade-1719526-768x458.jpg 768w, https:\/\/bbsimmo.de\/wp-content\/uploads\/2023\/02\/architecture-reside-facade-1719526.jpg 1280w\" sizes=\"(max-width: 1024px) 100vw, 1024px\" \/><\/figure>\n<\/div>\n\n\n\n<div class=\"wp-block-column is-vertically-aligned-center is-layout-flow\">\n<div style=\"height:100px\" aria-hidden=\"true\" class=\"wp-block-spacer\"><\/div>\n\n\n\n<figure class=\"wp-block-image size-large is-style-twentytwentyone-image-frame\"><img decoding=\"async\" loading=\"lazy\" width=\"1024\" height=\"576\" src=\"https:\/\/bbsimmo.de\/wp-content\/uploads\/2023\/02\/sa-rapita-mallorca-the-balearics-2483668-1024x576.jpg\" alt=\"sa rapita, mallorca, the balearics-2483668.jpg\" class=\"wp-image-77\" srcset=\"https:\/\/bbsimmo.de\/wp-content\/uploads\/2023\/02\/sa-rapita-mallorca-the-balearics-2483668-1024x576.jpg 1024w, https:\/\/bbsimmo.de\/wp-content\/uploads\/2023\/02\/sa-rapita-mallorca-the-balearics-2483668-300x169.jpg 300w, https:\/\/bbsimmo.de\/wp-content\/uploads\/2023\/02\/sa-rapita-mallorca-the-balearics-2483668-768x432.jpg 768w, https:\/\/bbsimmo.de\/wp-content\/uploads\/2023\/02\/sa-rapita-mallorca-the-balearics-2483668.jpg 1280w\" sizes=\"(max-width: 1024px) 100vw, 1024px\" \/><\/figure>\n\n\n\n<p class=\"has-small-font-size\">Wir sind ein erfahrenes Team, dass sich auf die Vermittlung von Immobilieninvestitionen spezialisiert hat. Unser Team verf\u00fcgt \u00fcber jahrelange Erfahrungen im Umgang mit Immobilien und hat ein tiefes Verst\u00e4ndnis f\u00fcr die lokalen M\u00e4rkte. Wir arbeiten eng mit Investoren zusammen, um sicherzustellen, dass wir ihre Ziele verstehen und realisieren. Unsere Mission ist es, durch den kauf von Immobilien unseren Bestand zu erweitern und zu diversifizieren. Dazu nutzen wir unsere Kenntnisse \u00fcber den Markt, unsere Kompetenzen bei der Auswahl von Investitionsm\u00f6glichkeiten und unsere F\u00e4higkeit, erfolgreich sanierte und vermietete Objekte zu kaufen und zu verkaufen.<\/p>\n<\/div>\n<\/div>\n\n\n\n<div style=\"height:50px\" aria-hidden=\"true\" class=\"wp-block-spacer\"><\/div>\n\n\n\n<div class=\"wp-block-columns alignwide are-vertically-aligned-top is-layout-flex wp-container-7\">\n<div class=\"wp-block-column is-vertically-aligned-top is-layout-flow\">\n<h3 class=\"has-text-align-center wp-block-heading\"><strong>Kauf<\/strong><\/h3>\n\n\n\n<p>Um Objekte zu guten Preisen zu erwerben, haben wir ein ausgepr\u00e4gtes Marktwissen und ein starkes Netzwerk in der Branche, um Sie von risikoreichen  Angeboten abzusichern und um eine gute Verhandlungsposition zu haben.<\/p>\n<\/div>\n\n\n\n<div class=\"wp-block-column is-vertically-aligned-top is-layout-flow\">\n<h3 class=\"has-text-align-center wp-block-heading\"><strong>Sanierung<\/strong><\/h3>\n\n\n\n<p>Den Wert von Immobilienobjekten steigern wir, indem wir sie durch hochprofessionellen Sanierungsma\u00dfnahmen auf den neuesten Stand bringen und dadurch ihre Attraktivit\u00e4t und Funktionalit\u00e4t f\u00fcr potentielle K\u00e4ufer oder Mieter erh\u00f6hen.<\/p>\n<\/div>\n\n\n\n<div class=\"wp-block-column is-vertically-aligned-top is-layout-flow\">\n<h3 class=\"has-text-align-center wp-block-heading\"><strong>Vermietung<\/strong><\/h3>\n\n\n\n<p>Wir stellen unsere hochwertige Immobilien zur Vermietung frei. Unser Ziel ist es, ein unvergessliches und angenehmes Mieterlebnis zu schaffen. <\/p>\n<\/div>\n<\/div>\n\n\n\n<div class=\"wp-block-columns alignwide is-layout-flex wp-container-11\">\n<div class=\"wp-block-column is-layout-flow\">\n<figure class=\"wp-block-image size-large\"><img decoding=\"async\" loading=\"lazy\" width=\"1024\" height=\"682\" src=\"https:\/\/bbsimmo.de\/wp-content\/uploads\/2023\/02\/purchase-house-house-purchase-3113198-1024x682.jpg\" alt=\"purchase, house, house purchase-3113198.jpg\" class=\"wp-image-95\" srcset=\"https:\/\/bbsimmo.de\/wp-content\/uploads\/2023\/02\/purchase-house-house-purchase-3113198-1024x682.jpg 1024w, https:\/\/bbsimmo.de\/wp-content\/uploads\/2023\/02\/purchase-house-house-purchase-3113198-300x200.jpg 300w, https:\/\/bbsimmo.de\/wp-content\/uploads\/2023\/02\/purchase-house-house-purchase-3113198-768x512.jpg 768w, https:\/\/bbsimmo.de\/wp-content\/uploads\/2023\/02\/purchase-house-house-purchase-3113198.jpg 1280w\" sizes=\"(max-width: 1024px) 100vw, 1024px\" \/><\/figure>\n<\/div>\n\n\n\n<div class=\"wp-block-column is-layout-flow\">\n<figure class=\"wp-block-image size-large\"><img decoding=\"async\" loading=\"lazy\" width=\"1024\" height=\"640\" src=\"https:\/\/bbsimmo.de\/wp-content\/uploads\/2023\/02\/meeting-business-architect-2284501-1024x640.jpg\" alt=\"meeting, business, architect-2284501.jpg\" class=\"wp-image-135\" srcset=\"https:\/\/bbsimmo.de\/wp-content\/uploads\/2023\/02\/meeting-business-architect-2284501-1024x640.jpg 1024w, https:\/\/bbsimmo.de\/wp-content\/uploads\/2023\/02\/meeting-business-architect-2284501-300x188.jpg 300w, https:\/\/bbsimmo.de\/wp-content\/uploads\/2023\/02\/meeting-business-architect-2284501-768x480.jpg 768w, https:\/\/bbsimmo.de\/wp-content\/uploads\/2023\/02\/meeting-business-architect-2284501.jpg 1280w\" sizes=\"(max-width: 1024px) 100vw, 1024px\" \/><\/figure>\n<\/div>\n\n\n\n<div class=\"wp-block-column is-layout-flow\">\n<figure class=\"wp-block-image size-large\"><img decoding=\"async\" loading=\"lazy\" width=\"1024\" height=\"611\" src=\"https:\/\/bbsimmo.de\/wp-content\/uploads\/2023\/02\/architecture-reside-facade-1719526-1024x611.jpg\" alt=\"architecture, reside, facade-1719526.jpg\" class=\"wp-image-92\" srcset=\"https:\/\/bbsimmo.de\/wp-content\/uploads\/2023\/02\/architecture-reside-facade-1719526-1024x611.jpg 1024w, https:\/\/bbsimmo.de\/wp-content\/uploads\/2023\/02\/architecture-reside-facade-1719526-300x179.jpg 300w, https:\/\/bbsimmo.de\/wp-content\/uploads\/2023\/02\/architecture-reside-facade-1719526-768x458.jpg 768w, https:\/\/bbsimmo.de\/wp-content\/uploads\/2023\/02\/architecture-reside-facade-1719526.jpg 1280w\" sizes=\"(max-width: 1024px) 100vw, 1024px\" \/><\/figure>\n<\/div>\n<\/div>\n\n\n\n<hr class=\"wp-block-separator alignfull has-alpha-channel-opacity is-style-twentytwentyone-separator-thick\"\/>\n\n\n\n<h4 class=\"alignwide wp-block-heading\">Wir kaufen stark sanierungsbed\u00fcrftige Objekte in ganz NRW<br>Helfen Sie uns dabei und erhalten Sie bis zu 10.000\u20ac Tippgeber-Provision!<\/h4>\n\n\n\n<div class=\"wp-block-contact-form-7-contact-form-selector\">\n<div class=\"wpcf7 no-js\" id=\"wpcf7-f129-o1\" lang=\"de-DE\" dir=\"ltr\">\n<div class=\"screen-reader-response\"><p role=\"status\" aria-live=\"polite\" aria-atomic=\"true\"><\/p> <ul><\/ul><\/div>\n<form action=\"\/index.php\/wp-json\/wp\/v2\/pages\/45#wpcf7-f129-o1\" method=\"post\" class=\"wpcf7-form init\" aria-label=\"Kontaktformular\" novalidate=\"novalidate\" data-status=\"init\">\n<div style=\"display: none;\">\n<input type=\"hidden\" name=\"_wpcf7\" value=\"129\" \/>\n<input type=\"hidden\" name=\"_wpcf7_version\" value=\"5.7.6\" \/>\n<input type=\"hidden\" name=\"_wpcf7_locale\" value=\"de_DE\" \/>\n<input type=\"hidden\" name=\"_wpcf7_unit_tag\" value=\"wpcf7-f129-o1\" \/>\n<input type=\"hidden\" name=\"_wpcf7_container_post\" value=\"0\" \/>\n<input type=\"hidden\" name=\"_wpcf7_posted_data_hash\" value=\"\" \/>\n<\/div>\n<p><label> Dein Name<br \/>\n<span class=\"wpcf7-form-control-wrap\" data-name=\"your-name\"><input size=\"40\" class=\"wpcf7-form-control wpcf7-text wpcf7-validates-as-required\" autocomplete=\"name\" aria-required=\"true\" aria-invalid=\"false\" value=\"\" type=\"text\" name=\"your-name\" \/><\/span> <\/label>\n<\/p>\n<p><label> Deine E-Mail-Adresse<br \/>\n<span class=\"wpcf7-form-control-wrap\" data-name=\"your-email\"><input size=\"40\" class=\"wpcf7-form-control wpcf7-text wpcf7-email wpcf7-validates-as-required wpcf7-validates-as-email\" autocomplete=\"email\" aria-required=\"true\" aria-invalid=\"false\" value=\"\" type=\"email\" name=\"your-email\" \/><\/span> <\/label>\n<\/p>\n<p><label> Deine Nachricht (optional)<br \/>\n<span class=\"wpcf7-form-control-wrap\" data-name=\"your-message\"><textarea cols=\"40\" rows=\"10\" class=\"wpcf7-form-control wpcf7-textarea\" aria-invalid=\"false\" name=\"your-message\"><\/textarea><\/span> <\/label>\n<\/p>\n<p><span class=\"wpcf7-form-control-wrap\" data-name=\"acceptance-661\"><span class=\"wpcf7-form-control wpcf7-acceptance optional\"><span class=\"wpcf7-list-item\"><label><input type=\"checkbox\" name=\"acceptance-661\" value=\"1\" aria-invalid=\"false\" \/><span class=\"wpcf7-list-item-label\">Ich stimme den Datenschutzbestimmungen zu<\/span><\/label><\/span><\/span><\/span>\n<\/p>\n<p><input class=\"wpcf7-form-control has-spinner wpcf7-submit\" type=\"submit\" value=\"Senden\" \/>\n<\/p><p style=\"display: none !important;\"><label>&#916;<textarea name=\"_wpcf7_ak_hp_textarea\" cols=\"45\" rows=\"8\" maxlength=\"100\"><\/textarea><\/label><input type=\"hidden\" id=\"ak_js_1\" name=\"_wpcf7_ak_js\" value=\"42\"\/><script>document.getElementById( \"ak_js_1\" ).setAttribute( \"value\", ( new Date() ).getTime() );<\/script><\/p><div class=\"wpcf7-response-output\" aria-hidden=\"true\"><\/div>\n<\/form>\n<\/div>\n<\/div>\n","protected":false},"excerpt":{"rendered":"<p>BBS Immo Holding GmbH &amp; CO. KG. Die BBS Immo Holding GmbH &amp; Co. Kg. ist Ihr Ansprechpartner f\u00fcr jegliche Leistungen, wenn es um das Thema Immobilien und Immobilieninvestments geht. Wir sind stolz darauf, ein erfahrenes und erfolgreiches Team zu seinund wir setzen uns daf\u00fcr ein, dass unsere Investoren ihre Ziele erreichen.Wir arbeiten hart, um&hellip; <a class=\"more-link\" href=\"https:\/\/bbsimmo.de\/\"><span class=\"screen-reader-text\">BBS Immo Holding GmbH &#038; CO. KG.<\/span> weiterlesen<\/a><\/p>\n","protected":false},"author":1,"featured_media":0,"parent":0,"menu_order":0,"comment_status":"closed","ping_status":"closed","template":"","meta":{"_uag_custom_page_level_css":""},"uagb_featured_image_src":{"full":false,"thumbnail":false,"medium":false,"medium_large":false,"large":false,"1536x1536":false,"2048x2048":false,"post-thumbnail":false},"uagb_author_info":{"display_name":"admin","author_link":"https:\/\/bbsimmo.de\/index.php\/author\/bbsimmo_admin\/"},"uagb_comment_info":0,"uagb_excerpt":"BBS Immo Holding GmbH &amp; CO. KG. Die BBS Immo Holding GmbH &amp; Co. Kg. ist Ihr Ansprechpartner f\u00fcr jegliche Leistungen, wenn es um das Thema Immobilien und Immobilieninvestments geht. Wir sind stolz darauf, ein erfahrenes und erfolgreiches Team zu seinund wir setzen uns daf\u00fcr ein, dass unsere Investoren ihre Ziele erreichen.Wir arbeiten hart, um&hellip;&hellip;","_links":{"self":[{"href":"https:\/\/bbsimmo.de\/index.php\/wp-json\/wp\/v2\/pages\/45"}],"collection":[{"href":"https:\/\/bbsimmo.de\/index.php\/wp-json\/wp\/v2\/pages"}],"about":[{"href":"https:\/\/bbsimmo.de\/index.php\/wp-json\/wp\/v2\/types\/page"}],"author":[{"embeddable":true,"href":"https:\/\/bbsimmo.de\/index.php\/wp-json\/wp\/v2\/users\/1"}],"replies":[{"embeddable":true,"href":"https:\/\/bbsimmo.de\/index.php\/wp-json\/wp\/v2\/comments?post=45"}],"version-history":[{"count":11,"href":"https:\/\/bbsimmo.de\/index.php\/wp-json\/wp\/v2\/pages\/45\/revisions"}],"predecessor-version":[{"id":136,"href":"https:\/\/bbsimmo.de\/index.php\/wp-json\/wp\/v2\/pages\/45\/revisions\/136"}],"wp:attachment":[{"href":"https:\/\/bbsimmo.de\/index.php\/wp-json\/wp\/v2\/media?parent=45"}],"curies":[{"name":"wp","href":"https:\/\/api.w.org\/{rel}","templated":true}]}}